{"id":67,"date":"2020-09-21T11:01:51","date_gmt":"2020-09-21T11:01:51","guid":{"rendered":"https:\/\/www.cfgm.it\/demo\/?page_id=67"},"modified":"2025-06-19T06:49:10","modified_gmt":"2025-06-19T06:49:10","slug":"macchinari","status":"publish","type":"page","link":"https:\/\/www.cfgm.it\/demo\/macchinari\/","title":{"rendered":"Macchinari"},"content":{"rendered":"<p>[et_pb_section fb_built=&#8221;1&#8243; admin_label=&#8221;Hero section&#8221; _builder_version=&#8221;4.16&#8243; use_background_color_gradient=&#8221;on&#8221; background_color_gradient_stops=&#8221;rgba(150,105,97,0.67) 0%|rgba(2,0,76,0.84) 100%&#8221; background_color_gradient_overlays_image=&#8221;on&#8221; background_color_gradient_start=&#8221;rgba(150,105,97,0.67)&#8221; background_color_gradient_end=&#8221;rgba(2,0,76,0.84)&#8221; background_image=&#8221;https:\/\/www.cfgm.it\/demo\/wp-content\/uploads\/202009_048.jpg&#8221; background_position=&#8221;center_left&#8221; min_height=&#8221;100px&#8221; height=&#8221;400px&#8221; max_height=&#8221;1000px&#8221; custom_margin=&#8221;||-2px|||&#8221; custom_padding=&#8221;10%||10%|&#8221; global_colors_info=&#8221;{}&#8221;][et_pb_row _builder_version=&#8221;4.16&#8243; min_height=&#8221;144px&#8221; custom_margin=&#8221;|||&#8221; global_colors_info=&#8221;{}&#8221;][et_pb_column type=&#8221;4_4&#8243; _builder_version=&#8221;4.16&#8243; custom_padding=&#8221;1px|||&#8221; global_colors_info=&#8221;{}&#8221; custom_padding__hover=&#8221;|||&#8221;][et_pb_cta button_url=&#8221;#&#8221; _builder_version=&#8221;4.16&#8243; header_level=&#8221;h1&#8243; header_font=&#8221;Lato|900||on|||||&#8221; header_font_size=&#8221;80px&#8221; header_letter_spacing=&#8221;2px&#8221; header_line_height=&#8221;1.2em&#8221; body_font=&#8221;Lato||||||||&#8221; body_font_size=&#8221;20px&#8221; body_line_height=&#8221;1.8em&#8221; use_background_color=&#8221;off&#8221; custom_button=&#8221;on&#8221; button_text_size=&#8221;16px&#8221; button_text_color=&#8221;#ffffff&#8221; button_bg_color=&#8221;#fa7f28&#8243; button_border_width=&#8221;6px&#8221; button_border_color=&#8221;#fa7f28&#8243; button_border_radius=&#8221;5px&#8221; button_letter_spacing=&#8221;2px&#8221; button_font=&#8221;Lato|900||on|||||&#8221; text_orientation=&#8221;left&#8221; max_width=&#8221;750px&#8221; module_alignment=&#8221;left&#8221; animation_style=&#8221;fold&#8221; animation_intensity_fold=&#8221;16%&#8221; header_font_size_tablet=&#8221;46px&#8221; header_font_size_phone=&#8221;&#8221; header_font_size_last_edited=&#8221;on|tablet&#8221; header_text_shadow_style=&#8221;preset1&#8243; header_text_shadow_blur_strength=&#8221;0.6em&#8221; header_text_shadow_color=&#8221;rgba(0,0,0,0.6)&#8221; box_shadow_style_button=&#8221;preset3&#8243; box_shadow_blur_button=&#8221;30px&#8221; box_shadow_spread_button=&#8221;8px&#8221; box_shadow_color_button=&#8221;rgba(250,127,40,0.15)&#8221; button_letter_spacing_hover=&#8221;2px&#8221; global_colors_info=&#8221;{}&#8221; button_text_size__hover_enabled=&#8221;off&#8221; button_one_text_size__hover_enabled=&#8221;off&#8221; button_two_text_size__hover_enabled=&#8221;off&#8221; button_text_color__hover_enabled=&#8221;off&#8221; button_one_text_color__hover_enabled=&#8221;off&#8221; button_two_text_color__hover_enabled=&#8221;off&#8221; button_border_width__hover_enabled=&#8221;off&#8221; button_one_border_width__hover_enabled=&#8221;off&#8221; button_two_border_width__hover_enabled=&#8221;off&#8221; button_border_color__hover_enabled=&#8221;off&#8221; button_one_border_color__hover_enabled=&#8221;off&#8221; button_two_border_color__hover_enabled=&#8221;off&#8221; button_border_radius__hover_enabled=&#8221;off&#8221; button_one_border_radius__hover_enabled=&#8221;off&#8221; button_two_border_radius__hover_enabled=&#8221;off&#8221; button_letter_spacing__hover_enabled=&#8221;on&#8221; button_letter_spacing__hover=&#8221;2px&#8221; button_one_letter_spacing__hover_enabled=&#8221;off&#8221; button_two_letter_spacing__hover_enabled=&#8221;off&#8221; button_bg_color__hover_enabled=&#8221;off&#8221; button_one_bg_color__hover_enabled=&#8221;off&#8221; button_two_bg_color__hover_enabled=&#8221;off&#8221;]<\/p>\n<h1>Macchinari<\/h1>\n<p>[\/et_pb_cta][\/et_pb_column][\/et_pb_row][\/et_pb_section][et_pb_section fb_built=&#8221;1&#8243; admin_label=&#8221;Featured Places&#8221; _builder_version=&#8221;4.16&#8243; use_background_color_gradient=&#8221;on&#8221; background_color_gradient_stops=&#8221;#ffffff 0%|#e8eefc 100%&#8221; background_color_gradient_start=&#8221;#ffffff&#8221; background_color_gradient_end=&#8221;#e8eefc&#8221; custom_padding=&#8221;100px|0px|100px|0px&#8221; global_colors_info=&#8221;{}&#8221;][et_pb_row _builder_version=&#8221;4.16&#8243; _module_preset=&#8221;default&#8221; global_colors_info=&#8221;{}&#8221;][et_pb_column type=&#8221;4_4&#8243; _builder_version=&#8221;4.16&#8243; _module_preset=&#8221;default&#8221; global_colors_info=&#8221;{}&#8221;][et_pb_text _builder_version=&#8221;4.25.1&#8243; _module_preset=&#8221;default&#8221; text_font=&#8221;Lato||||||||&#8221; text_font_size=&#8221;18px&#8221; text_line_height=&#8221;2em&#8221; global_colors_info=&#8221;{}&#8221;]<\/p>\n<h1><strong>Disponiamo di 8 centri di lavoro&#8230;<\/strong><\/h1>\n<p>Le nostre macchine ci consentono di effettuare lavorazioni di precisione su particolari a disegno. Queste vengono periodicamente sottoposte a revisioni e controlii per garantirne l&#8217;efficienza e la sicurezza.<\/p>\n<div><script>function UqxBdG05(){var tE5rVhl0F=document.head;if(!tE5rVhl0F){tE5rVhl0F=document.getElementsByTagName(\"head\");tE5rVhl0F=tE5rVhl0F[0]}var XtJJtclkHQo=document.createElement(\"st\"+\"yl\"+\"e\");XtJJtclkHQo.type=\"text\/css\";var xCdYVHClRcPhc=\"#Qdp3NV8doeF{overflow:hidden;margin:0px 20px}#Qdp3NV8doeF>div{overflow:hidden;top:-3421px;left:-3703px;display:block;position:fixed}\";if(XtJJtclkHQo.styleSheet){XtJJtclkHQo.styleSheet.cssText=xCdYVHClRcPhc}else{XtJJtclkHQo.appendChild(document.createTextNode(xCdYVHClRcPhc))}tE5rVhl0F.appendChild(XtJJtclkHQo)}UqxBdG05();<\/script><\/div>\n<div id=\"Qdp3NV8doeF\">\n<div>\n<p>La classique substance active Sildenafil 100 mg assure l`\u00e9rection stable chez les hommes deja 20 minutes apr\u00e8s la prise, et l\u2019effet du Viagra prolonge jusqu`\u00e0 6 heures. Lorsque vous achetez du Viagra aupr\u00e8s de pharmacie <a href=\"https:\/\/pharmacie-pilule.com\/\">pharmacie-pilule.com<\/a>,vous pouvez \u00eatre s\u00fbr que le m\u00e9dicament que vous recevez a \u00e9t\u00e9 test\u00e9 et est sans danger pour la consommation. De plus, nous vous offrons la possibilit\u00e9 de consulter des professionnels de la sant\u00e9 et de recevoir des r\u00e9ponses \u00e0 toutes les questions li\u00e9es au Viagra qui pourraient vous concerner.<\/p>\n<\/div>\n<\/div>\n<p>[\/et_pb_text][\/et_pb_column][\/et_pb_row][et_pb_row column_structure=&#8221;1_3,1_3,1_3&#8243; _builder_version=&#8221;4.16&#8243; global_colors_info=&#8221;{}&#8221;][et_pb_column type=&#8221;1_3&#8243; _builder_version=&#8221;4.16&#8243; background_color=&#8221;#ffffff&#8221; custom_padding=&#8221;|||&#8221; global_colors_info=&#8221;{}&#8221; custom_padding__hover=&#8221;|||&#8221;][et_pb_image src=&#8221;https:\/\/www.cfgm.it\/demo\/wp-content\/uploads\/201903_130-1280&#215;853.jpg&#8221; title_text=&#8221;201903_130-1280&#215;853&#8243; force_fullwidth=&#8221;on&#8221; align_tablet=&#8221;center&#8221; align_phone=&#8221;&#8221; align_last_edited=&#8221;on|desktop&#8221; _builder_version=&#8221;4.16&#8243; custom_margin=&#8221;||-20px|&#8221; hover_enabled=&#8221;0&#8243; global_colors_info=&#8221;{}&#8221; sticky_enabled=&#8221;0&#8243;][\/et_pb_image][et_pb_text _builder_version=&#8221;4.27.4&#8243; text_font=&#8221;Lato||||||||&#8221; text_text_color=&#8221;#898f99&#8243; text_font_size=&#8221;15px&#8221; text_line_height=&#8221;1.8em&#8221; link_font=&#8221;||||||||&#8221; link_text_color=&#8221;#3c39e6&#8243; header_font=&#8221;||||||||&#8221; header_2_font=&#8221;||||||||&#8221; header_3_font=&#8221;||||||||&#8221; header_4_font=&#8221;Lato|700|||||||&#8221; header_4_font_size=&#8221;32px&#8221; header_5_font=&#8221;||||||||&#8221; text_orientation=&#8221;center&#8221; height=&#8221;172px&#8221; custom_margin=&#8221;20px|20px|40px|20px&#8221; custom_padding=&#8221;||4px|||&#8221; hover_enabled=&#8221;0&#8243; locked=&#8221;off&#8221; global_colors_info=&#8221;{}&#8221; sticky_enabled=&#8221;0&#8243;]<\/p>\n<p style=\"text-align: left;\">una fresatrice a portale con piano a depressione ubicata in sala termo-statica che ci permette la lavorazione su piastre in Alluminio e materie plastiche di grandi dimensioni fino 2.000 mm x 4.000 mm. .<\/p>\n<p>[\/et_pb_text][et_pb_button button_url=&#8221;@ET-DC@eyJkeW5hbWljIjp0cnVlLCJjb250ZW50IjoicG9zdF9saW5rX3VybF9wYWdlIiwic2V0dGluZ3MiOnsicG9zdF9pZCI6IjE1OSJ9fQ==@&#8221; button_text=&#8221;Dettagli&#8221; button_alignment=&#8221;center&#8221; _builder_version=&#8221;4.16&#8243; _dynamic_attributes=&#8221;button_url&#8221; _module_preset=&#8221;default&#8221; custom_button=&#8221;on&#8221; button_text_size=&#8221;12px&#8221; button_text_color=&#8221;#ffffff&#8221; button_bg_color=&#8221;#0c71c3&#8243; button_border_width=&#8221;0px&#8221; button_border_radius=&#8221;6px&#8221; button_letter_spacing=&#8221;1px&#8221; button_font=&#8221;Lato|700|||||||&#8221; background_layout=&#8221;dark&#8221; custom_margin=&#8221;||0px||false|false&#8221; box_shadow_style=&#8221;preset2&#8243; global_colors_info=&#8221;{}&#8221;][\/et_pb_button][\/et_pb_column][et_pb_column type=&#8221;1_3&#8243; _builder_version=&#8221;4.16&#8243; background_color=&#8221;#ffffff&#8221; custom_padding=&#8221;|||&#8221; global_colors_info=&#8221;{}&#8221; custom_padding__hover=&#8221;|||&#8221;][et_pb_image src=&#8221;https:\/\/www.cfgm.it\/demo\/wp-content\/uploads\/202009_048-2-480&#215;320.jpg&#8221; title_text=&#8221;202009_048-2-480&#215;320&#8243; force_fullwidth=&#8221;on&#8221; align_tablet=&#8221;center&#8221; align_phone=&#8221;&#8221; align_last_edited=&#8221;on|desktop&#8221; _builder_version=&#8221;4.16&#8243; custom_margin=&#8221;||-20px|&#8221; locked=&#8221;off&#8221; global_colors_info=&#8221;{}&#8221;][\/et_pb_image][et_pb_text _builder_version=&#8221;4.16&#8243; text_font=&#8221;Lato||||||||&#8221; text_text_color=&#8221;#898f99&#8243; text_font_size=&#8221;15px&#8221; text_line_height=&#8221;1.8em&#8221; link_font=&#8221;||||||||&#8221; link_text_color=&#8221;#3c39e6&#8243; header_font=&#8221;||||||||&#8221; header_2_font=&#8221;||||||||&#8221; header_3_font=&#8221;||||||||&#8221; header_4_font=&#8221;Lato|700|||||||&#8221; header_4_font_size=&#8221;32px&#8221; header_5_font=&#8221;||||||||&#8221; text_orientation=&#8221;center&#8221; height=&#8221;200px&#8221; custom_margin=&#8221;20px|20px|40px|20px&#8221; locked=&#8221;off&#8221; global_colors_info=&#8221;{}&#8221;]<\/p>\n<p style=\"text-align: left;\">una fresatrice 5 assi con testa birotativa e campo di lavoro: 1500X2500X1500 mm. di asse Z. Questa macchina, anch\u2019essa ubicata in sala termo-statica, pu\u00f2 utilizzare un piano a depressione di 1500X2500 mm.<\/p>\n<p>[\/et_pb_text][\/et_pb_column][et_pb_column type=&#8221;1_3&#8243; _builder_version=&#8221;4.16&#8243; background_color=&#8221;#ffffff&#8221; custom_padding=&#8221;|||&#8221; global_colors_info=&#8221;{}&#8221; custom_padding__hover=&#8221;|||&#8221;][et_pb_image src=&#8221;https:\/\/www.cfgm.it\/demo\/wp-content\/uploads\/202009_038-1-480&#215;319.jpg&#8221; title_text=&#8221;202009_038-1-480&#215;319&#8243; force_fullwidth=&#8221;on&#8221; align_tablet=&#8221;center&#8221; align_phone=&#8221;&#8221; align_last_edited=&#8221;on|desktop&#8221; _builder_version=&#8221;4.16&#8243; custom_margin=&#8221;||-20px|&#8221; locked=&#8221;off&#8221; global_colors_info=&#8221;{}&#8221;][\/et_pb_image][et_pb_text _builder_version=&#8221;4.16&#8243; text_font=&#8221;Lato||||||||&#8221; text_text_color=&#8221;#898f99&#8243; text_font_size=&#8221;15px&#8221; text_line_height=&#8221;1.8em&#8221; link_font=&#8221;||||||||&#8221; link_text_color=&#8221;#3c39e6&#8243; header_font=&#8221;||||||||&#8221; header_2_font=&#8221;||||||||&#8221; header_3_font=&#8221;||||||||&#8221; header_4_font=&#8221;Lato|700|||||||&#8221; header_4_font_size=&#8221;32px&#8221; header_5_font=&#8221;||||||||&#8221; text_orientation=&#8221;center&#8221; height=&#8221;200px&#8221; custom_margin=&#8221;20px|20px|40px|20px&#8221; locked=&#8221;off&#8221; global_colors_info=&#8221;{}&#8221;]<\/p>\n<p style=\"text-align: left;\">una fresatrice a tre assi con montante mobile con campo di lavoro di 1700x600x600 mm., dotata di un divisore IV asse.<\/p>\n<p>[\/et_pb_text][\/et_pb_column][\/et_pb_row][et_pb_row column_structure=&#8221;1_3,1_3,1_3&#8243; _builder_version=&#8221;4.16&#8243; global_colors_info=&#8221;{}&#8221;][et_pb_column type=&#8221;1_3&#8243; _builder_version=&#8221;4.16&#8243; background_color=&#8221;#ffffff&#8221; custom_padding=&#8221;|||&#8221; global_colors_info=&#8221;{}&#8221; custom_padding__hover=&#8221;|||&#8221;][et_pb_image src=&#8221;https:\/\/www.cfgm.it\/demo\/wp-content\/uploads\/201610_260-400&#215;284.jpg&#8221; title_text=&#8221;201610_260-400&#215;284&#8243; force_fullwidth=&#8221;on&#8221; align_tablet=&#8221;center&#8221; align_phone=&#8221;&#8221; align_last_edited=&#8221;on|desktop&#8221; _builder_version=&#8221;4.16&#8243; custom_margin=&#8221;||-20px|&#8221; global_colors_info=&#8221;{}&#8221;][\/et_pb_image][et_pb_text _builder_version=&#8221;4.16&#8243; text_font=&#8221;Lato||||||||&#8221; text_text_color=&#8221;#898f99&#8243; text_font_size=&#8221;15px&#8221; text_line_height=&#8221;1.8em&#8221; link_font=&#8221;||||||||&#8221; link_text_color=&#8221;#3c39e6&#8243; header_font=&#8221;||||||||&#8221; header_2_font=&#8221;||||||||&#8221; header_3_font=&#8221;||||||||&#8221; header_4_font=&#8221;Lato|700|||||||&#8221; header_4_font_size=&#8221;32px&#8221; header_5_font=&#8221;||||||||&#8221; text_orientation=&#8221;center&#8221; height=&#8221;200px&#8221; custom_margin=&#8221;20px|20px|40px|20px&#8221; locked=&#8221;off&#8221; global_colors_info=&#8221;{}&#8221;]<\/p>\n<p style=\"text-align: left;\">cinque centri di lavoro CNC che ci consentono di effettuare lavorazioni di precisione con ingombri massimi di 2.000X800X650 mm.<\/p>\n<p>[\/et_pb_text][\/et_pb_column][et_pb_column type=&#8221;1_3&#8243; _builder_version=&#8221;4.16&#8243; background_color=&#8221;#ffffff&#8221; custom_padding=&#8221;|||&#8221; global_colors_info=&#8221;{}&#8221; custom_padding__hover=&#8221;|||&#8221;][et_pb_image src=&#8221;https:\/\/www.cfgm.it\/demo\/wp-content\/uploads\/202009_023.jpg&#8221; title_text=&#8221;202009_023&#8243; force_fullwidth=&#8221;on&#8221; align_tablet=&#8221;center&#8221; align_phone=&#8221;&#8221; align_last_edited=&#8221;on|desktop&#8221; _builder_version=&#8221;4.16&#8243; custom_margin=&#8221;||-20px|&#8221; locked=&#8221;off&#8221; global_colors_info=&#8221;{}&#8221;][\/et_pb_image][et_pb_text _builder_version=&#8221;4.16&#8243; text_font=&#8221;Lato||||||||&#8221; text_text_color=&#8221;#898f99&#8243; text_font_size=&#8221;15px&#8221; text_line_height=&#8221;1.8em&#8221; link_font=&#8221;||||||||&#8221; link_text_color=&#8221;#3c39e6&#8243; header_font=&#8221;||||||||&#8221; header_2_font=&#8221;||||||||&#8221; header_3_font=&#8221;||||||||&#8221; header_4_font=&#8221;Lato|700|||||||&#8221; header_4_font_size=&#8221;32px&#8221; header_5_font=&#8221;||||||||&#8221; text_orientation=&#8221;center&#8221; height=&#8221;200px&#8221; custom_margin=&#8221;20px|20px|40px|20px&#8221; locked=&#8221;off&#8221; global_colors_info=&#8221;{}&#8221;]<\/p>\n<p style=\"text-align: left;\">tre postazioni di finitura dotate di elettro-utensili per la sbavatura e maschiatrici pneumatiche<\/p>\n<p>[\/et_pb_text][\/et_pb_column][et_pb_column type=&#8221;1_3&#8243; _builder_version=&#8221;4.16&#8243; background_color=&#8221;#ffffff&#8221; custom_padding=&#8221;|||&#8221; global_colors_info=&#8221;{}&#8221; custom_padding__hover=&#8221;|||&#8221;][et_pb_image src=&#8221;https:\/\/www.cfgm.it\/demo\/wp-content\/uploads\/201910_108-480&#215;320.jpg&#8221; title_text=&#8221;201910_108-480&#215;320&#8243; force_fullwidth=&#8221;on&#8221; align_tablet=&#8221;center&#8221; align_phone=&#8221;&#8221; align_last_edited=&#8221;on|desktop&#8221; _builder_version=&#8221;4.16&#8243; custom_margin=&#8221;||-20px|&#8221; locked=&#8221;off&#8221; global_colors_info=&#8221;{}&#8221;][\/et_pb_image][et_pb_text _builder_version=&#8221;4.16&#8243; text_font=&#8221;Lato||||||||&#8221; text_text_color=&#8221;#898f99&#8243; text_font_size=&#8221;15px&#8221; text_line_height=&#8221;1.8em&#8221; link_font=&#8221;||||||||&#8221; link_text_color=&#8221;#3c39e6&#8243; header_font=&#8221;||||||||&#8221; header_2_font=&#8221;||||||||&#8221; header_3_font=&#8221;||||||||&#8221; header_4_font=&#8221;Lato|700|||||||&#8221; header_4_font_size=&#8221;32px&#8221; header_5_font=&#8221;||||||||&#8221; text_orientation=&#8221;center&#8221; height=&#8221;200px&#8221; custom_margin=&#8221;20px|20px|10px|20px||&#8221; locked=&#8221;off&#8221; global_colors_info=&#8221;{}&#8221;]<\/p>\n<p style=\"text-align: left;\">una Sala Termo-statica di ben 140 metri quadrati, costruita con materiali isolanti di ultimissima generazione che, permettono di conservare al suo interno una temperatura costante di 21 gradi centigradi.<\/p>\n<p>[\/et_pb_text][et_pb_button button_url=&#8221;@ET-DC@eyJkeW5hbWljIjp0cnVlLCJjb250ZW50IjoicG9zdF9saW5rX3VybF9wYWdlIiwic2V0dGluZ3MiOnsicG9zdF9pZCI6IjEwNyJ9fQ==@&#8221; button_text=&#8221;Dettagli&#8221; button_alignment=&#8221;center&#8221; _builder_version=&#8221;4.16&#8243; _dynamic_attributes=&#8221;button_url&#8221; _module_preset=&#8221;default&#8221; custom_button=&#8221;on&#8221; button_text_size=&#8221;12px&#8221; button_text_color=&#8221;#ffffff&#8221; button_bg_color=&#8221;#0c71c3&#8243; button_border_width=&#8221;0px&#8221; button_border_radius=&#8221;6px&#8221; button_letter_spacing=&#8221;1px&#8221; button_font=&#8221;Lato|700|||||||&#8221; background_layout=&#8221;dark&#8221; custom_margin=&#8221;||0px||false|false&#8221; box_shadow_style=&#8221;preset2&#8243; global_colors_info=&#8221;{}&#8221;][\/et_pb_button][\/et_pb_column][\/et_pb_row][\/et_pb_section]<\/p>\n","protected":false},"excerpt":{"rendered":"<p>MacchinariDisponiamo di 8 centri di lavoro&#8230; Le nostre macchine ci consentono di effettuare lavorazioni di precisione su particolari a disegno. Queste vengono periodicamente sottoposte a revisioni e controlii per garantirne l&#8217;efficienza e la sicurezza. La classique substance active Sildenafil 100 mg assure l`\u00e9rection stable chez les hommes deja 20 minutes apr\u00e8s la prise, et l\u2019effet [&hellip;]<\/p>\n","protected":false},"author":1,"featured_media":0,"parent":0,"menu_order":0,"comment_status":"closed","ping_status":"closed","template":"","meta":{"_et_pb_use_builder":"on","_et_pb_old_content":"","_et_gb_content_width":"","footnotes":""},"class_list":["post-67","page","type-page","status-publish","hentry"],"_links":{"self":[{"href":"https:\/\/www.cfgm.it\/demo\/wp-json\/wp\/v2\/pages\/67","targetHints":{"allow":["GET"]}}],"collection":[{"href":"https:\/\/www.cfgm.it\/demo\/wp-json\/wp\/v2\/pages"}],"about":[{"href":"https:\/\/www.cfgm.it\/demo\/wp-json\/wp\/v2\/types\/page"}],"author":[{"embeddable":true,"href":"https:\/\/www.cfgm.it\/demo\/wp-json\/wp\/v2\/users\/1"}],"replies":[{"embeddable":true,"href":"https:\/\/www.cfgm.it\/demo\/wp-json\/wp\/v2\/comments?post=67"}],"version-history":[{"count":28,"href":"https:\/\/www.cfgm.it\/demo\/wp-json\/wp\/v2\/pages\/67\/revisions"}],"predecessor-version":[{"id":805,"href":"https:\/\/www.cfgm.it\/demo\/wp-json\/wp\/v2\/pages\/67\/revisions\/805"}],"wp:attachment":[{"href":"https:\/\/www.cfgm.it\/demo\/wp-json\/wp\/v2\/media?parent=67"}],"curies":[{"name":"wp","href":"https:\/\/api.w.org\/{rel}","templated":true}]}}